{"id":17,"date":"2019-11-21T18:55:11","date_gmt":"2019-11-21T17:55:11","guid":{"rendered":"http:\/\/www.iante.es\/activos\/"},"modified":"2020-05-27T15:06:47","modified_gmt":"2020-05-27T14:06:47","slug":"assets","status":"publish","type":"page","link":"https:\/\/www.iante.es\/en\/assets\/","title":{"rendered":"Assets"},"content":{"rendered":"    <div class=\"activos-wrapper\">\n        <div class=\"activo-item\">\n        <a href=\"https:\/\/www.iante.es\/en\/activos\/polar-1-parla\/\" title=\"Polar 1 &#8211; Parla\" class=\"activo-image\" style=\"background-image:url('https:\/\/www.iante.es\/wp-content\/uploads\/2020\/05\/POLAR-1-Parla-660x330.jpg')\"><\/a>\n        <div class=\"activo-data\">\n            <a href=\"https:\/\/www.iante.es\/en\/activos\/polar-1-parla\/\" title=\"Polar 1 &#8211; Parla\">\n                <h2 class=\"h2\">Polar 1 &#8211; Parla<\/h2>\n                <h3 class=\"h3\">Rescued Building<\/h3>\n                <p>The Property, built in 2009, is located at calle Estrella Polar 1, Parla, Madrid.<\/p>\n            <\/a>\n            \n                    <\/div>\n    <\/div>\n        <div class=\"activo-item\">\n        <a href=\"https:\/\/www.iante.es\/en\/activos\/salamanca-m24\/\" title=\"Salamanca \u2013 M24\" class=\"activo-image\" style=\"background-image:url('https:\/\/www.iante.es\/wp-content\/uploads\/2020\/05\/Salamanca-DC22-660x330.jpg')\"><\/a>\n        <div class=\"activo-data\">\n            <a href=\"https:\/\/www.iante.es\/en\/activos\/salamanca-m24\/\" title=\"Salamanca \u2013 M24\">\n                <h2 class=\"h2\">Salamanca \u2013 M24<\/h2>\n                <h3 class=\"h3\">Rehabilitated Building<\/h3>\n                <p>The Property which is located on Maldonado Street in Madrid's Salamanca district was built in 1935 and is made up of 13 homes and 2 commercial premises. <\/p>\n            <\/a>\n            \n                    <\/div>\n    <\/div>\n        <div class=\"activo-item\">\n        <a href=\"https:\/\/www.iante.es\/en\/activos\/arganda-ii\/\" title=\"Arganda II\" class=\"activo-image\" style=\"background-image:url('https:\/\/www.iante.es\/wp-content\/uploads\/2020\/05\/Arganda-II-660x330.jpg')\"><\/a>\n        <div class=\"activo-data\">\n            <a href=\"https:\/\/www.iante.es\/en\/activos\/arganda-ii\/\" title=\"Arganda II\">\n                <h2 class=\"h2\">Arganda II<\/h2>\n                <h3 class=\"h3\">Rescued Building<\/h3>\n                <p>The Property, finished in 2007, is located at Avenida Rep\u00fablica Argentina 2, Arganda del Rey, Madrid. <\/p>\n            <\/a>\n            \n                    <\/div>\n    <\/div>\n        <div class=\"activo-item\">\n        <a href=\"https:\/\/www.iante.es\/en\/activos\/ada-sanchinarro\/\" title=\"ADA &#8211; Sanchinarro\" class=\"activo-image\" style=\"background-image:url('https:\/\/www.iante.es\/wp-content\/uploads\/2020\/05\/ADA-Sanchinarro-660x330.jpg')\"><\/a>\n        <div class=\"activo-data\">\n            <a href=\"https:\/\/www.iante.es\/en\/activos\/ada-sanchinarro\/\" title=\"ADA &#8211; Sanchinarro\">\n                <h2 class=\"h2\">ADA &#8211; Sanchinarro<\/h2>\n                <h3 class=\"h3\">Rescued Building<\/h3>\n                <p>The property built in 2010 is located at calle Ana de Austria, Sanchinarro, Madrid.   Our property encloses currently 85 out of 130 units, all of them with storage rooms and parking spaces, of which the Company owns 85 homes and storage rooms and parking spaces. <\/p>\n            <\/a>\n            \n                    <\/div>\n    <\/div>\n        <div class=\"activo-item\">\n        <a href=\"https:\/\/www.iante.es\/en\/activos\/vcl-villaverde\/\" title=\"VCL &#8211; Villaverde\" class=\"activo-image\" style=\"background-image:url('https:\/\/www.iante.es\/wp-content\/uploads\/2020\/05\/VCL-Villaverde-660x330.jpg')\"><\/a>\n        <div class=\"activo-data\">\n            <a href=\"https:\/\/www.iante.es\/en\/activos\/vcl-villaverde\/\" title=\"VCL &#8211; Villaverde\">\n                <h2 class=\"h2\">VCL &#8211; Villaverde<\/h2>\n                <h3 class=\"h3\">Rescued Building<\/h3>\n                <p>The property built in 2010 is located at Vicente Carballal, within Villaverde\u2019s district in Madrid. <\/p>\n            <\/a>\n            \n                    <\/div>\n    <\/div>\n        <div class=\"activo-item\">\n        <a href=\"https:\/\/www.iante.es\/en\/activos\/lavapies-sc6\/\" title=\"Lavapi\u00e9s \u2013 SC6\" class=\"activo-image\" style=\"background-image:url('https:\/\/www.iante.es\/wp-content\/uploads\/2020\/05\/Lavapies-SC6-660x330.jpg')\"><\/a>\n        <div class=\"activo-data\">\n            <a href=\"https:\/\/www.iante.es\/en\/activos\/lavapies-sc6\/\" title=\"Lavapi\u00e9s \u2013 SC6\">\n                <h2 class=\"h2\">Lavapi\u00e9s \u2013 SC6<\/h2>\n                <h3 class=\"h3\">Rehabilitated Building<\/h3>\n                <p>The building was built in 1900 and renovated in 2006 consists of 20 houses, 4 basements and 2 commercial stores with activity.<\/p>\n            <\/a>\n            \n                    <\/div>\n    <\/div>\n        <div class=\"activo-item\">\n        <a href=\"https:\/\/www.iante.es\/en\/activos\/la-latina-sana\/\" title=\"La Latina &#8211; SANA\" class=\"activo-image\" style=\"background-image:url('https:\/\/www.iante.es\/wp-content\/uploads\/2020\/05\/La-Latina-SANA-660x330.jpg')\"><\/a>\n        <div class=\"activo-data\">\n            <a href=\"https:\/\/www.iante.es\/en\/activos\/la-latina-sana\/\" title=\"La Latina &#8211; SANA\">\n                <h2 class=\"h2\">La Latina &#8211; SANA<\/h2>\n                <h3 class=\"h3\">Rehabilitated Building<\/h3>\n                <p>The Property built in 1905 is located at Santa Ana, in the heart of the s located at calle Santa Ana 8, in the heart of the traditional neighborhood of El Rastro.<\/p>\n            <\/a>\n            \n                    <\/div>\n    <\/div>\n        <div class=\"activo-item\">\n        <a href=\"https:\/\/www.iante.es\/en\/activos\/retiro-dc22\/\" title=\"Retiro \u2013 DC22\" class=\"activo-image\" style=\"background-image:url('https:\/\/www.iante.es\/wp-content\/uploads\/2020\/05\/Retiro-DC22-660x330.jpg')\"><\/a>\n        <div class=\"activo-data\">\n            <a href=\"https:\/\/www.iante.es\/en\/activos\/retiro-dc22\/\" title=\"Retiro \u2013 DC22\">\n                <h2 class=\"h2\">Retiro \u2013 DC22<\/h2>\n                <h3 class=\"h3\">Rehabilitated Building<\/h3>\n                <p>The building whose construction dates from 1927 is located on Calle Doctor Castelo, a few meters from Parque del Retiro, and consists of 34 homes and 2 commercial premises.<\/p>\n            <\/a>\n            \n                    <\/div>\n    <\/div>\n        <div class=\"activo-item\">\n        <a href=\"https:\/\/www.iante.es\/en\/activos\/386\/\" title=\"Alcal\u00e1 de Henares\" class=\"activo-image\" style=\"background-image:url('https:\/\/www.iante.es\/wp-content\/uploads\/2020\/05\/Alcala-de-Henares-660x330.jpg')\"><\/a>\n        <div class=\"activo-data\">\n            <a href=\"https:\/\/www.iante.es\/en\/activos\/386\/\" title=\"Alcal\u00e1 de Henares\">\n                <h2 class=\"h2\">Alcal\u00e1 de Henares<\/h2>\n                <h3 class=\"h3\">Built to Rent<\/h3>\n                <p>The property will be located in the north of Alcal\u00e1 de Henares. <\/p>\n            <\/a>\n            \n                    <\/div>\n    <\/div>\n        <div class=\"activo-item\">\n        <a href=\"https:\/\/www.iante.es\/en\/activos\/arganda-del-rey\/\" title=\"Arganda del Rey\" class=\"activo-image\" style=\"background-image:url('https:\/\/www.iante.es\/wp-content\/uploads\/2020\/05\/Arganda-del-Rey-660x330.jpg')\"><\/a>\n        <div class=\"activo-data\">\n            <a href=\"https:\/\/www.iante.es\/en\/activos\/arganda-del-rey\/\" title=\"Arganda del Rey\">\n                <h2 class=\"h2\">Arganda del Rey<\/h2>\n                <h3 class=\"h3\">Built to Rent<\/h3>\n                <p>This Promotion will be located in \"Valdelarcipreste\" within Arganda del Rey, a town located southeast of the Madrid metropolitan area. <\/p>\n            <\/a>\n            \n                    <\/div>\n    <\/div>\n        <div class=\"activo-item\">\n        <a href=\"https:\/\/www.iante.es\/en\/activos\/madrid-norte\/\" title=\"Madrid Norte\" class=\"activo-image\" style=\"background-image:url('https:\/\/www.iante.es\/wp-content\/uploads\/2020\/05\/Madrid-Norte-660x330.jpg')\"><\/a>\n        <div class=\"activo-data\">\n            <a href=\"https:\/\/www.iante.es\/en\/activos\/madrid-norte\/\" title=\"Madrid Norte\">\n                <h2 class=\"h2\">Madrid Norte<\/h2>\n                <h3 class=\"h3\">Built to Rent<\/h3>\n                <p>The development will be located between Esperanza S\u00e1nchez Carrascosa and Alfalfa streets, in the Valdeacederas neighborhood within the Tetu\u00e1n district, very close to Avenida de Asturias and Paseo de la Direcci\u00f3n.<\/p>\n            <\/a>\n            \n                    <\/div>\n    <\/div>\n        <div class=\"activo-item\">\n        <a href=\"https:\/\/www.iante.es\/en\/activos\/torrejon-de-ardoz\/\" title=\"Torrej\u00f3n de Ardoz\" class=\"activo-image\" style=\"background-image:url('https:\/\/www.iante.es\/wp-content\/uploads\/2020\/05\/Torrejon-de-Ardoz-660x330.jpg')\"><\/a>\n        <div class=\"activo-data\">\n            <a href=\"https:\/\/www.iante.es\/en\/activos\/torrejon-de-ardoz\/\" title=\"Torrej\u00f3n de Ardoz\">\n                <h2 class=\"h2\">Torrej\u00f3n de Ardoz<\/h2>\n                <h3 class=\"h3\">Built to Rent<\/h3>\n                <p>The development is located in a unique location within the city of Torrej\u00f3n de Ardoz, within a neighborhood equipped with all kinds of services: from schools and supermarkets to cultural centers, passing through places for leisure, green areas and sports centers.<\/p>\n            <\/a>\n            \n                    <\/div>\n    <\/div>\n        <\/div>\n    \n","protected":false},"excerpt":{"rendered":"<p>The spirit of Madrid its unique and we want to become part of the community by recovering the essence of the assets we own.<\/p>\n","protected":false},"author":1,"featured_media":13,"parent":0,"menu_order":2,"comment_status":"closed","ping_status":"closed","template":"","meta":{"_acf_changed":false,"footnotes":""},"class_list":["post-17","page","type-page","status-publish","has-post-thumbnail","hentry"],"acf":[],"_links":{"self":[{"href":"https:\/\/www.iante.es\/en\/wp-json\/wp\/v2\/pages\/17","targetHints":{"allow":["GET"]}}],"collection":[{"href":"https:\/\/www.iante.es\/en\/wp-json\/wp\/v2\/pages"}],"about":[{"href":"https:\/\/www.iante.es\/en\/wp-json\/wp\/v2\/types\/page"}],"author":[{"embeddable":true,"href":"https:\/\/www.iante.es\/en\/wp-json\/wp\/v2\/users\/1"}],"replies":[{"embeddable":true,"href":"https:\/\/www.iante.es\/en\/wp-json\/wp\/v2\/comments?post=17"}],"version-history":[{"count":6,"href":"https:\/\/www.iante.es\/en\/wp-json\/wp\/v2\/pages\/17\/revisions"}],"predecessor-version":[{"id":443,"href":"https:\/\/www.iante.es\/en\/wp-json\/wp\/v2\/pages\/17\/revisions\/443"}],"wp:featuredmedia":[{"embeddable":true,"href":"https:\/\/www.iante.es\/en\/wp-json\/wp\/v2\/media\/13"}],"wp:attachment":[{"href":"https:\/\/www.iante.es\/en\/wp-json\/wp\/v2\/media?parent=17"}],"curies":[{"name":"wp","href":"https:\/\/api.w.org\/{rel}","templated":true}]}}